{"id":369496,"date":"2026-03-18T14:51:27","date_gmt":"2026-03-18T13:51:27","guid":{"rendered":"https:\/\/germany.10magazine.com\/?post_type=product&#038;p=369496"},"modified":"2026-03-18T14:52:02","modified_gmt":"2026-03-18T13:52:02","slug":"10-magazine-de-issue-3-nike-cover","status":"publish","type":"product","link":"https:\/\/germany.10magazine.com\/de\/produkt\/10-magazine-de-issue-3-nike-cover\/","title":{"rendered":"10 MAGAZINE DE ISSUE 3 \u2013 Nike COVER &#8211; Pre-order"},"content":{"rendered":"<p>UK (2-3 Tage) - \u00a36 (Bitte beachten Sie die Lieferzeit von 1-2 Wochen f\u00fcr aktuelle Bestellungen)<\/p>\n<p>R\u00fccksendungen m\u00fcssen in der Originalverpackung erfolgen und m\u00fcssen f\u00fcr den Wiederverkauf ausgepackt und makellos sein.<\/p>\n<p>Sollten Sie bei der Ankunft Probleme mit der Ware haben, benachrichtigen Sie bitte 10 Magazine per E-Mail an info@10magazine.com. Dies muss innerhalb von 7 Tagen nach Erhalt der Bestellung geschehen. Nach Ablauf dieser Frist wird die Ware automatisch als korrekt und nicht fehlerhaft akzeptiert. Alle R\u00fccksendungen werden auf dieselbe Zahlungsmethode zur\u00fcckgebucht, die bei der urspr\u00fcnglichen Transaktion verwendet wurde.<\/p>\n<p>Bitte beachten Sie, dass alle Versand- und Bearbeitungsgeb\u00fchren, die w\u00e4hrend Ihrer Bestellung bezahlt wurden, NICHT zur\u00fcckerstattet werden.<\/p>","protected":false},"excerpt":{"rendered":"<p>Germany (2-3 days) \u2013 \u20ac6 (Please note 1-2 week delivery time on current orders) Returns must be made in the original packaging and must be unpacked and immaculate for re-sale. If you have any problems with merchandise on arrival please [&hellip;]<\/p>\n","protected":false},"featured_media":448373,"template":"","meta":{"_acf_changed":false},"product_brand":[],"product_cat":[1044],"product_tag":[],"class_list":{"0":"post-369496","1":"product","2":"type-product","3":"status-publish","4":"has-post-thumbnail","6":"product_cat-10magazine","8":"first","9":"instock","10":"shipping-taxable","11":"purchasable","12":"product-type-simple"},"acf":[],"yoast_head":"<!-- This site is optimized with the Yoast SEO Premium plugin v24.7 (Yoast SEO v27.0) - https:\/\/yoast.com\/product\/yoast-seo-premium-wordpress\/ -->\n<title>10 MAGAZINE DE ISSUE 3 \u2013 Nike COVER - Pre-order - 10 Magazine Germany<\/title>\n<meta name=\"robots\" content=\"index, follow, max-snippet:-1, max-image-preview:large, max-video-preview:-1\" \/>\n<link rel=\"canonical\" href=\"https:\/\/germany.10magazine.com\/de\/produkt\/10-magazine-de-issue-3-nike-cover\/\" \/>\n<meta property=\"og:locale\" content=\"de_DE\" \/>\n<meta property=\"og:type\" content=\"article\" \/>\n<meta property=\"og:title\" content=\"10 MAGAZINE DE ISSUE 3 \u2013 Nike COVER - Pre-order\" \/>\n<meta property=\"og:description\" content=\"Germany (2-3 days) \u2013 \u20ac6 (Please note 1-2 week delivery time on current orders) Returns must be made in the original packaging and must be unpacked and immaculate for re-sale. If you have any problems with merchandise on arrival please [&hellip;]\" \/>\n<meta property=\"og:url\" content=\"https:\/\/germany.10magazine.com\/de\/produkt\/10-magazine-de-issue-3-nike-cover\/\" \/>\n<meta property=\"og:site_name\" content=\"10 Magazine Germany\" \/>\n<meta property=\"article:modified_time\" content=\"2026-03-18T13:52:02+00:00\" \/>\n<meta name=\"twitter:card\" content=\"summary_large_image\" \/>\n<meta name=\"twitter:label1\" content=\"Gesch\u00e4tzte Lesezeit\" \/>\n\t<meta name=\"twitter:data1\" content=\"1\u00a0Minute\" \/>\n<script type=\"application\/ld+json\" class=\"yoast-schema-graph\">{\"@context\":\"https:\/\/schema.org\",\"@graph\":[{\"@type\":\"WebPage\",\"@id\":\"https:\/\/germany.10magazine.com\/product\/10-magazine-de-issue-3-nike-cover\/\",\"url\":\"https:\/\/germany.10magazine.com\/product\/10-magazine-de-issue-3-nike-cover\/\",\"name\":\"10 MAGAZINE DE ISSUE 3 \u2013 Nike COVER - Pre-order - 10 Magazine Germany\",\"isPartOf\":{\"@id\":\"https:\/\/germany.10magazine.com\/en_gb\/#website\"},\"primaryImageOfPage\":{\"@id\":\"https:\/\/germany.10magazine.com\/product\/10-magazine-de-issue-3-nike-cover\/#primaryimage\"},\"image\":{\"@id\":\"https:\/\/germany.10magazine.com\/product\/10-magazine-de-issue-3-nike-cover\/#primaryimage\"},\"thumbnailUrl\":\"https:\/\/germany.10magazine.com\/wp-content\/uploads\/2026\/03\/TWDE03_NIKE.jpg\",\"datePublished\":\"2026-03-18T13:51:27+00:00\",\"dateModified\":\"2026-03-18T13:52:02+00:00\",\"breadcrumb\":{\"@id\":\"https:\/\/germany.10magazine.com\/product\/10-magazine-de-issue-3-nike-cover\/#breadcrumb\"},\"inLanguage\":\"de\",\"potentialAction\":[{\"@type\":\"ReadAction\",\"target\":[\"https:\/\/germany.10magazine.com\/product\/10-magazine-de-issue-3-nike-cover\/\"]}]},{\"@type\":\"ImageObject\",\"inLanguage\":\"de\",\"@id\":\"https:\/\/germany.10magazine.com\/product\/10-magazine-de-issue-3-nike-cover\/#primaryimage\",\"url\":\"https:\/\/germany.10magazine.com\/wp-content\/uploads\/2026\/03\/TWDE03_NIKE.jpg\",\"contentUrl\":\"https:\/\/germany.10magazine.com\/wp-content\/uploads\/2026\/03\/TWDE03_NIKE.jpg\"},{\"@type\":\"BreadcrumbList\",\"@id\":\"https:\/\/germany.10magazine.com\/product\/10-magazine-de-issue-3-nike-cover\/#breadcrumb\",\"itemListElement\":[{\"@type\":\"ListItem\",\"position\":1,\"name\":\"Home\",\"item\":\"https:\/\/germany.10magazine.com\/\"},{\"@type\":\"ListItem\",\"position\":2,\"name\":\"Shop\",\"item\":\"https:\/\/germany.10magazine.com\/shop-page\/\"},{\"@type\":\"ListItem\",\"position\":3,\"name\":\"10 MAGAZINE DE ISSUE 3 \u2013 Nike COVER &#8211; Pre-order\"}]},{\"@type\":\"WebSite\",\"@id\":\"https:\/\/germany.10magazine.com\/en_gb\/#website\",\"url\":\"https:\/\/germany.10magazine.com\/en_gb\/\",\"name\":\"10 Magazine Germany\",\"description\":\"10 Magazine is built on the belief that fashion should be shot beautifully and supplemented with exclusive interviews, groundbreaking editorial features and powerful, opinionated journalism.\",\"potentialAction\":[{\"@type\":\"SearchAction\",\"target\":{\"@type\":\"EntryPoint\",\"urlTemplate\":\"https:\/\/germany.10magazine.com\/en_gb\/?s={search_term_string}\"},\"query-input\":{\"@type\":\"PropertyValueSpecification\",\"valueRequired\":true,\"valueName\":\"search_term_string\"}}],\"inLanguage\":\"de\"}]}<\/script>\n<!-- \/ Yoast SEO Premium plugin. -->","yoast_head_json":{"title":"10 MAGAZINE DE ISSUE 3 \u2013 Nike COVER - Pre-order - 10 Magazine Germany","robots":{"index":"index","follow":"follow","max-snippet":"max-snippet:-1","max-image-preview":"max-image-preview:large","max-video-preview":"max-video-preview:-1"},"canonical":"https:\/\/germany.10magazine.com\/de\/produkt\/10-magazine-de-issue-3-nike-cover\/","og_locale":"de_DE","og_type":"article","og_title":"10 MAGAZINE DE ISSUE 3 \u2013 Nike COVER - Pre-order","og_description":"Germany (2-3 days) \u2013 \u20ac6 (Please note 1-2 week delivery time on current orders) Returns must be made in the original packaging and must be unpacked and immaculate for re-sale. If you have any problems with merchandise on arrival please [&hellip;]","og_url":"https:\/\/germany.10magazine.com\/de\/produkt\/10-magazine-de-issue-3-nike-cover\/","og_site_name":"10 Magazine Germany","article_modified_time":"2026-03-18T13:52:02+00:00","twitter_card":"summary_large_image","twitter_misc":{"Gesch\u00e4tzte Lesezeit":"1\u00a0Minute"},"schema":{"@context":"https:\/\/schema.org","@graph":[{"@type":"WebPage","@id":"https:\/\/germany.10magazine.com\/product\/10-magazine-de-issue-3-nike-cover\/","url":"https:\/\/germany.10magazine.com\/product\/10-magazine-de-issue-3-nike-cover\/","name":"10 MAGAZINE DE ISSUE 3 \u2013 Nike COVER - Pre-order - 10 Magazine Germany","isPartOf":{"@id":"https:\/\/germany.10magazine.com\/en_gb\/#website"},"primaryImageOfPage":{"@id":"https:\/\/germany.10magazine.com\/product\/10-magazine-de-issue-3-nike-cover\/#primaryimage"},"image":{"@id":"https:\/\/germany.10magazine.com\/product\/10-magazine-de-issue-3-nike-cover\/#primaryimage"},"thumbnailUrl":"https:\/\/germany.10magazine.com\/wp-content\/uploads\/2026\/03\/TWDE03_NIKE.jpg","datePublished":"2026-03-18T13:51:27+00:00","dateModified":"2026-03-18T13:52:02+00:00","breadcrumb":{"@id":"https:\/\/germany.10magazine.com\/product\/10-magazine-de-issue-3-nike-cover\/#breadcrumb"},"inLanguage":"de","potentialAction":[{"@type":"ReadAction","target":["https:\/\/germany.10magazine.com\/product\/10-magazine-de-issue-3-nike-cover\/"]}]},{"@type":"ImageObject","inLanguage":"de","@id":"https:\/\/germany.10magazine.com\/product\/10-magazine-de-issue-3-nike-cover\/#primaryimage","url":"https:\/\/germany.10magazine.com\/wp-content\/uploads\/2026\/03\/TWDE03_NIKE.jpg","contentUrl":"https:\/\/germany.10magazine.com\/wp-content\/uploads\/2026\/03\/TWDE03_NIKE.jpg"},{"@type":"BreadcrumbList","@id":"https:\/\/germany.10magazine.com\/product\/10-magazine-de-issue-3-nike-cover\/#breadcrumb","itemListElement":[{"@type":"ListItem","position":1,"name":"Home","item":"https:\/\/germany.10magazine.com\/"},{"@type":"ListItem","position":2,"name":"Shop","item":"https:\/\/germany.10magazine.com\/shop-page\/"},{"@type":"ListItem","position":3,"name":"10 MAGAZINE DE ISSUE 3 \u2013 Nike COVER &#8211; Pre-order"}]},{"@type":"WebSite","@id":"https:\/\/germany.10magazine.com\/en_gb\/#website","url":"https:\/\/germany.10magazine.com\/en_gb\/","name":"10 Magazine Germany","description":"10 Magazine is built on the belief that fashion should be shot beautifully and supplemented with exclusive interviews, groundbreaking editorial features and powerful, opinionated journalism.","potentialAction":[{"@type":"SearchAction","target":{"@type":"EntryPoint","urlTemplate":"https:\/\/germany.10magazine.com\/en_gb\/?s={search_term_string}"},"query-input":{"@type":"PropertyValueSpecification","valueRequired":true,"valueName":"search_term_string"}}],"inLanguage":"de"}]}},"_links":{"self":[{"href":"https:\/\/germany.10magazine.com\/de\/wp-json\/wp\/v2\/product\/369496","targetHints":{"allow":["GET"]}}],"collection":[{"href":"https:\/\/germany.10magazine.com\/de\/wp-json\/wp\/v2\/product"}],"about":[{"href":"https:\/\/germany.10magazine.com\/de\/wp-json\/wp\/v2\/types\/product"}],"wp:featuredmedia":[{"embeddable":true,"href":"https:\/\/germany.10magazine.com\/de\/wp-json\/"}],"wp:attachment":[{"href":"https:\/\/germany.10magazine.com\/de\/wp-json\/wp\/v2\/media?parent=369496"}],"wp:term":[{"taxonomy":"product_brand","embeddable":true,"href":"https:\/\/germany.10magazine.com\/de\/wp-json\/wp\/v2\/product_brand?post=369496"},{"taxonomy":"product_cat","embeddable":true,"href":"https:\/\/germany.10magazine.com\/de\/wp-json\/wp\/v2\/product_cat?post=369496"},{"taxonomy":"product_tag","embeddable":true,"href":"https:\/\/germany.10magazine.com\/de\/wp-json\/wp\/v2\/product_tag?post=369496"}],"curies":[{"name":"wp","href":"https:\/\/api.w.org\/{rel}","templated":true}]}}